{"id":57810,"date":"2025-05-30T12:48:16","date_gmt":"2025-05-30T10:48:16","guid":{"rendered":"https:\/\/www.invarena.cz\/?page_id=57810"},"modified":"2025-06-03T22:53:59","modified_gmt":"2025-06-03T20:53:59","slug":"chcete-poradit-napiste-dotaz","status":"publish","type":"page","link":"https:\/\/www.invarena.cz\/?page_id=57810","title":{"rendered":"CHCETE PORADIT? NAPI\u0160TE DOTAZ"},"content":{"rendered":"\n<p>Nena\u0161li jste odpov\u011b\u010f v s\u00e9rii na\u0161ich \u010dl\u00e1nk\u016f v rubrice poradna? Pot\u0159ebujete s n\u011b\u010d\u00edm poradit v problematice zdravotn\u011b posti\u017een\u00fdch a znev\u00fdhodn\u011bn\u00fdch? Po\u0161lete sv\u016fj dotaz na admin@invarena.cz a my se mu budeme v\u011bnovat. Odpov\u011b\u010f pot\u00e9 zve\u0159ejn\u00edme v rubrice poradna (ov\u0161em bez uveden\u00ed jm\u00e9na a kontaktu na tazatele). <\/p>\n\n\n\n<p><\/p>\n\n\n\n<p><\/p>\n","protected":false},"excerpt":{"rendered":"<div class=\"mh-excerpt\"><p>Nena\u0161li jste odpov\u011b\u010f v s\u00e9rii na\u0161ich \u010dl\u00e1nk\u016f v rubrice poradna? Pot\u0159ebujete s n\u011b\u010d\u00edm poradit v problematice zdravotn\u011b posti\u017een\u00fdch a znev\u00fdhodn\u011bn\u00fdch? Po\u0161lete sv\u016fj dotaz na admin@invarena.cz <a class=\"mh-excerpt-more\" href=\"https:\/\/www.invarena.cz\/?page_id=57810\" title=\"CHCETE PORADIT? NAPI\u0160TE DOTAZ\">[&#8230;]<\/a><\/p>\n<\/div>","protected":false},"author":1,"featured_media":0,"parent":0,"menu_order":0,"comment_status":"closed","ping_status":"closed","template":"","meta":{"footnotes":""},"class_list":["post-57810","page","type-page","status-publish","hentry"],"_links":{"self":[{"href":"https:\/\/www.invarena.cz\/index.php?rest_route=\/wp\/v2\/pages\/57810","targetHints":{"allow":["GET"]}}],"collection":[{"href":"https:\/\/www.invarena.cz\/index.php?rest_route=\/wp\/v2\/pages"}],"about":[{"href":"https:\/\/www.invarena.cz\/index.php?rest_route=\/wp\/v2\/types\/page"}],"author":[{"embeddable":true,"href":"https:\/\/www.invarena.cz\/index.php?rest_route=\/wp\/v2\/users\/1"}],"replies":[{"embeddable":true,"href":"https:\/\/www.invarena.cz\/index.php?rest_route=%2Fwp%2Fv2%2Fcomments&post=57810"}],"version-history":[{"count":0,"href":"https:\/\/www.invarena.cz\/index.php?rest_route=\/wp\/v2\/pages\/57810\/revisions"}],"wp:attachment":[{"href":"https:\/\/www.invarena.cz\/index.php?rest_route=%2Fwp%2Fv2%2Fmedia&parent=57810"}],"curies":[{"name":"wp","href":"https:\/\/api.w.org\/{rel}","templated":true}]}}